{"id":21,"date":"2022-08-17T12:44:50","date_gmt":"2022-08-17T10:44:50","guid":{"rendered":"https:\/\/www.weingut-nibelungenhof.de\/HP\/?page_id=21"},"modified":"2026-02-13T18:20:33","modified_gmt":"2026-02-13T17:20:33","slug":"home","status":"publish","type":"page","link":"https:\/\/www.weingut-nibelungenhof.de\/","title":{"rendered":"Home"},"content":{"rendered":"\n<div class=\"wp-block-columns is-layout-flex wp-container-core-columns-is-layout-28f84493 wp-block-columns-is-layout-flex\">\n<div class=\"wp-block-column is-layout-flow wp-block-column-is-layout-flow\">\n<div style=\"height:10px\" aria-hidden=\"true\" class=\"wp-block-spacer\"><\/div>\n\n\n\n<div class=\"wp-block-columns is-layout-flex wp-container-core-columns-is-layout-28f84493 wp-block-columns-is-layout-flex\">\n<div class=\"wp-block-column is-layout-flow wp-block-column-is-layout-flow\" style=\"flex-basis:66.66%\">\n<h2 class=\"wp-block-heading\">Das Weingut<\/h2>\n\n\n\n<p>Unser Weingut liegt im S\u00fcden Rheinhessens in Wiesoppenheim einem Ortsteil der geschichtstr\u00e4chtigen Stadt Worms. Unser Weingut liegt inmitten der Weinberge. So haben wir eine besondere N\u00e4he zu \u201eunseren\u201c Trauben. Wir bewirtschaften ca. 10 ha Wingert. Wir versuchen altbew\u00e4hrte Rebsorten und Weine weiterzuf\u00fchren und neue Sorten zu einzigartigen Geschmackserlebnissen auszubauen. Immer getreu dem Leitspruch unseres Seniorchefs:<\/p>\n\n\n\n<h3 class=\"wp-block-heading\">\u201eDer Wein muss schmecken!\u201c<\/h3>\n\n\n\n<p>Dabei freuen wir uns immer auf Anregungen unserer Kunden, denn der Kunde ist bei uns K\u00f6nig.<\/p>\n<\/div>\n\n\n\n<div class=\"wp-block-column is-layout-flow wp-block-column-is-layout-flow\" style=\"flex-basis:33.33%\">\n<figure class=\"wp-block-image size-large is-resized\"><img loading=\"lazy\" decoding=\"async\" width=\"400\" height=\"533\" src=\"https:\/\/www.weingut-nibelungenhof.de\/HP\/wp-content\/uploads\/20260210_172007-400x533.jpg\" alt=\"\" class=\"wp-image-562\" style=\"aspect-ratio:0.7504717464196847;width:276px;height:auto\" srcset=\"https:\/\/www.weingut-nibelungenhof.de\/HP\/wp-content\/uploads\/20260210_172007-400x533.jpg 400w, https:\/\/www.weingut-nibelungenhof.de\/HP\/wp-content\/uploads\/20260210_172007-100x133.jpg 100w, https:\/\/www.weingut-nibelungenhof.de\/HP\/wp-content\/uploads\/20260210_172007-768x1024.jpg 768w, https:\/\/www.weingut-nibelungenhof.de\/HP\/wp-content\/uploads\/20260210_172007-1152x1536.jpg 1152w, https:\/\/www.weingut-nibelungenhof.de\/HP\/wp-content\/uploads\/20260210_172007-1536x2048.jpg 1536w, https:\/\/www.weingut-nibelungenhof.de\/HP\/wp-content\/uploads\/20260210_172007-scaled.jpg 1920w\" sizes=\"auto, (max-width: 400px) 100vw, 400px\" \/><\/figure>\n<\/div>\n<\/div>\n<\/div>\n<\/div>\n\n\n\n<div class=\"wp-block-columns is-layout-flex wp-container-core-columns-is-layout-28f84493 wp-block-columns-is-layout-flex\" id=\"Familie\">\n<div class=\"wp-block-column is-layout-flow wp-block-column-is-layout-flow\">\n<hr class=\"wp-block-separator has-alpha-channel-opacity\"\/>\n\n\n\n<div style=\"height:106px\" aria-hidden=\"true\" class=\"wp-block-spacer\"><\/div>\n\n\n\n<div class=\"wp-block-columns is-layout-flex wp-container-core-columns-is-layout-28f84493 wp-block-columns-is-layout-flex\">\n<div class=\"wp-block-column is-layout-flow wp-block-column-is-layout-flow\" style=\"flex-basis:66.66%\">\n<h2 class=\"wp-block-heading\">Die Familie<\/h2>\n\n\n\n<p>In den 70er Jahren wurde das Weingut zusammen von Alfred und Maria Hammerstein gegr\u00fcndet. Sie entstammen beide aus landwirtschaftlichen Betrieben mit langer Weinbautradition \u2013 bereits in der 4. Generation.<br>Anfangs bewirtschafteten sie noch eine kleine Weinbergsfl\u00e4che mit viel Handarbeit und mit vielen flei\u00dfigen Helfern aus dem Ort und das Weingut lag mitten im Dorf. 1982\/83 wurde die neue Hofstelle errichtet und auch der Name \u201eWeingut Nibelungenhof\u201c entstand. Heute erledigen einige moderne Maschinen und die gesamte Familie viele Arbeiten im Weinberg. Die Arbeiten im Weinkeller und rund um den Wein sind nach wie vor \u201eChefsache\u201c.<br><br>Seit 2009 f\u00fchrt Andreas zusammen mit seiner Frau Anneliese die Geschicke des Weingutes.<br><br>Andreas ist ausgebildeter Winzermeister. Er begleitet den \u201eWein\u201c vom kleinen Setzling bis zum fertigen Wein in der Flasche und f\u00e4hrt zweimal im Jahr in fast ganz Deutschland umher, um unseren Wein pers\u00f6nlich an unsere Kunden auszuliefern.<br><br>Anneliese ist ausgebildete Sparkassenbetriebswirtin. Sie hat einen Lehrgang speziell f\u00fcr \u201eWinzersehefrauen\u201c gemacht, indem sie die Grundlagen des Winzerdaseins erlernt hat, um unsere Kunden noch besser beraten zu k\u00f6nnen.&nbsp;<br><br>Unsere beiden Kinder Fabian und Maximilian sind unsere \u201egro\u00dfen Helfer\u201c und \u201ewahren Chefs\u201c. Sie interessieren sich bereits jetzt f\u00fcr die Arbeiten im Weinberg und vor allem die T\u00e4tigkeiten mit dem Traktor.<\/p>\n<\/div>\n\n\n\n<div class=\"wp-block-column is-layout-flow wp-block-column-is-layout-flow\" style=\"flex-basis:33.33%\">\n<figure class=\"wp-block-image size-large\"><img loading=\"lazy\" decoding=\"async\" width=\"400\" height=\"300\" src=\"https:\/\/www.weingut-nibelungenhof.de\/HP\/wp-content\/uploads\/IMG_6300-400x300.jpg\" alt=\"\" class=\"wp-image-184\" srcset=\"https:\/\/www.weingut-nibelungenhof.de\/HP\/wp-content\/uploads\/IMG_6300-400x300.jpg 400w, https:\/\/www.weingut-nibelungenhof.de\/HP\/wp-content\/uploads\/IMG_6300-200x150.jpg 200w, https:\/\/www.weingut-nibelungenhof.de\/HP\/wp-content\/uploads\/IMG_6300-768x576.jpg 768w, https:\/\/www.weingut-nibelungenhof.de\/HP\/wp-content\/uploads\/IMG_6300-1536x1152.jpg 1536w, https:\/\/www.weingut-nibelungenhof.de\/HP\/wp-content\/uploads\/IMG_6300-2048x1536.jpg 2048w, https:\/\/www.weingut-nibelungenhof.de\/HP\/wp-content\/uploads\/IMG_6300-100x75.jpg 100w\" sizes=\"auto, (max-width: 400px) 100vw, 400px\" \/><\/figure>\n\n\n\n<figure class=\"wp-block-image size-large\"><img loading=\"lazy\" decoding=\"async\" width=\"400\" height=\"300\" src=\"https:\/\/www.weingut-nibelungenhof.de\/HP\/wp-content\/uploads\/IMG_5753-400x300.jpg\" alt=\"\" class=\"wp-image-180\" srcset=\"https:\/\/www.weingut-nibelungenhof.de\/HP\/wp-content\/uploads\/IMG_5753-400x300.jpg 400w, https:\/\/www.weingut-nibelungenhof.de\/HP\/wp-content\/uploads\/IMG_5753-200x150.jpg 200w, https:\/\/www.weingut-nibelungenhof.de\/HP\/wp-content\/uploads\/IMG_5753-768x576.jpg 768w, https:\/\/www.weingut-nibelungenhof.de\/HP\/wp-content\/uploads\/IMG_5753-1536x1152.jpg 1536w, https:\/\/www.weingut-nibelungenhof.de\/HP\/wp-content\/uploads\/IMG_5753-2048x1536.jpg 2048w, https:\/\/www.weingut-nibelungenhof.de\/HP\/wp-content\/uploads\/IMG_5753-100x75.jpg 100w\" sizes=\"auto, (max-width: 400px) 100vw, 400px\" \/><\/figure>\n<\/div>\n<\/div>\n<\/div>\n<\/div>\n\n\n\n<div class=\"wp-block-columns has-nv-dark-bg-background-color has-background is-layout-flex wp-container-core-columns-is-layout-28f84493 wp-block-columns-is-layout-flex\" id=\"News\">\n<div class=\"wp-block-column is-layout-flow wp-block-column-is-layout-flow\">\n<hr class=\"wp-block-separator has-alpha-channel-opacity\"\/>\n\n\n\n<div style=\"height:106px\" aria-hidden=\"true\" class=\"wp-block-spacer\"><\/div>\n\n\n\n<div class=\"wp-block-columns is-layout-flex wp-container-core-columns-is-layout-28f84493 wp-block-columns-is-layout-flex\">\n<div class=\"wp-block-column is-layout-flow wp-block-column-is-layout-flow\" style=\"flex-basis:33.33%\">\n<figure class=\"wp-block-image size-large is-resized\"><img loading=\"lazy\" decoding=\"async\" width=\"400\" height=\"533\" src=\"https:\/\/www.weingut-nibelungenhof.de\/HP\/wp-content\/uploads\/20260210_172048-400x533.jpg\" alt=\"\" class=\"wp-image-564\" style=\"width:283px;height:auto\" srcset=\"https:\/\/www.weingut-nibelungenhof.de\/HP\/wp-content\/uploads\/20260210_172048-400x533.jpg 400w, https:\/\/www.weingut-nibelungenhof.de\/HP\/wp-content\/uploads\/20260210_172048-100x133.jpg 100w, https:\/\/www.weingut-nibelungenhof.de\/HP\/wp-content\/uploads\/20260210_172048-768x1024.jpg 768w, https:\/\/www.weingut-nibelungenhof.de\/HP\/wp-content\/uploads\/20260210_172048-1152x1536.jpg 1152w, https:\/\/www.weingut-nibelungenhof.de\/HP\/wp-content\/uploads\/20260210_172048-1536x2048.jpg 1536w, https:\/\/www.weingut-nibelungenhof.de\/HP\/wp-content\/uploads\/20260210_172048-scaled.jpg 1920w\" sizes=\"auto, (max-width: 400px) 100vw, 400px\" \/><\/figure>\n<\/div>\n\n\n\n<div class=\"wp-block-column is-layout-flow wp-block-column-is-layout-flow\" style=\"flex-basis:66.66%\">\n<h1 class=\"wp-block-heading\">Immer aktuell dabei!<\/h1>\n\n\n\n<p>13.02.2026<\/p>\n\n\n\n<p>Winter ist die Zeit des Rebschnitts. Ein Gro\u00dfteil unserer Weinberge ist bereits geschnitten und das alte Rebholz wurde aus dem Drahtrahmen entfernt. Dieses Rebholz wird im Weinberg geh\u00e4ckselt und somit wieder zu D\u00fcnger f\u00fcr die Rebst\u00f6cke.<\/p>\n\n\n\n<p>Weitere Impressionen findet Ihr auf unserer Seite in Instagram und Facebook.<\/p>\n<\/div>\n<\/div>\n<\/div>\n<\/div>\n\n\n\n<div class=\"wp-block-columns is-layout-flex wp-container-core-columns-is-layout-28f84493 wp-block-columns-is-layout-flex\" id=\"Familie\">\n<div class=\"wp-block-column is-layout-flow wp-block-column-is-layout-flow\" id=\"Gallerie\">\n<hr class=\"wp-block-separator has-alpha-channel-opacity\"\/>\n\n\n\n<div style=\"height:106px\" aria-hidden=\"true\" class=\"wp-block-spacer\"><\/div>\n\n\n\n<div class=\"wp-block-columns is-layout-flex wp-container-core-columns-is-layout-28f84493 wp-block-columns-is-layout-flex\">\n<div class=\"wp-block-column is-layout-flow wp-block-column-is-layout-flow\">\n<h2 class=\"wp-block-heading\" id=\"Galerie\">Galerie<\/h2>\n\n\n\n<figure class=\"wp-block-gallery has-nested-images columns-3 is-cropped wp-block-gallery-1 is-layout-flex wp-block-gallery-is-layout-flex\">\n<figure class=\"wp-block-image size-large\"><img loading=\"lazy\" decoding=\"async\" width=\"400\" height=\"533\" data-id=\"168\" src=\"https:\/\/www.weingut-nibelungenhof.de\/HP\/wp-content\/uploads\/20200206_103549-400x533.jpg\" alt=\"\" class=\"wp-image-168\" srcset=\"https:\/\/www.weingut-nibelungenhof.de\/HP\/wp-content\/uploads\/20200206_103549-400x533.jpg 400w, https:\/\/www.weingut-nibelungenhof.de\/HP\/wp-content\/uploads\/20200206_103549-200x267.jpg 200w, https:\/\/www.weingut-nibelungenhof.de\/HP\/wp-content\/uploads\/20200206_103549-768x1024.jpg 768w, https:\/\/www.weingut-nibelungenhof.de\/HP\/wp-content\/uploads\/20200206_103549-1152x1536.jpg 1152w, https:\/\/www.weingut-nibelungenhof.de\/HP\/wp-content\/uploads\/20200206_103549-1536x2048.jpg 1536w, https:\/\/www.weingut-nibelungenhof.de\/HP\/wp-content\/uploads\/20200206_103549-100x133.jpg 100w, https:\/\/www.weingut-nibelungenhof.de\/HP\/wp-content\/uploads\/20200206_103549-scaled.jpg 1920w\" sizes=\"auto, (max-width: 400px) 100vw, 400px\" \/><\/figure>\n\n\n\n<figure class=\"wp-block-image size-large\"><img loading=\"lazy\" decoding=\"async\" width=\"400\" height=\"300\" data-id=\"174\" src=\"https:\/\/www.weingut-nibelungenhof.de\/HP\/wp-content\/uploads\/IMG_5651-400x300.jpg\" alt=\"\" class=\"wp-image-174\" srcset=\"https:\/\/www.weingut-nibelungenhof.de\/HP\/wp-content\/uploads\/IMG_5651-400x300.jpg 400w, https:\/\/www.weingut-nibelungenhof.de\/HP\/wp-content\/uploads\/IMG_5651-200x150.jpg 200w, https:\/\/www.weingut-nibelungenhof.de\/HP\/wp-content\/uploads\/IMG_5651-768x576.jpg 768w, https:\/\/www.weingut-nibelungenhof.de\/HP\/wp-content\/uploads\/IMG_5651-1536x1152.jpg 1536w, https:\/\/www.weingut-nibelungenhof.de\/HP\/wp-content\/uploads\/IMG_5651-2048x1536.jpg 2048w, https:\/\/www.weingut-nibelungenhof.de\/HP\/wp-content\/uploads\/IMG_5651-100x75.jpg 100w\" sizes=\"auto, (max-width: 400px) 100vw, 400px\" \/><\/figure>\n\n\n\n<figure class=\"wp-block-image size-large\"><img loading=\"lazy\" decoding=\"async\" width=\"400\" height=\"300\" data-id=\"411\" src=\"https:\/\/www.weingut-nibelungenhof.de\/HP\/wp-content\/uploads\/klb-400x300.jpg\" alt=\"\" class=\"wp-image-411\" srcset=\"https:\/\/www.weingut-nibelungenhof.de\/HP\/wp-content\/uploads\/klb-400x300.jpg 400w, https:\/\/www.weingut-nibelungenhof.de\/HP\/wp-content\/uploads\/klb-200x150.jpg 200w, https:\/\/www.weingut-nibelungenhof.de\/HP\/wp-content\/uploads\/klb-100x75.jpg 100w, https:\/\/www.weingut-nibelungenhof.de\/HP\/wp-content\/uploads\/klb.jpg 615w\" sizes=\"auto, (max-width: 400px) 100vw, 400px\" \/><\/figure>\n\n\n\n<figure class=\"wp-block-image size-large\"><img loading=\"lazy\" decoding=\"async\" width=\"400\" height=\"300\" data-id=\"170\" src=\"https:\/\/www.weingut-nibelungenhof.de\/HP\/wp-content\/uploads\/Haus-20210315_125654-400x300.jpg\" alt=\"\" class=\"wp-image-170\" srcset=\"https:\/\/www.weingut-nibelungenhof.de\/HP\/wp-content\/uploads\/Haus-20210315_125654-400x300.jpg 400w, https:\/\/www.weingut-nibelungenhof.de\/HP\/wp-content\/uploads\/Haus-20210315_125654-200x150.jpg 200w, https:\/\/www.weingut-nibelungenhof.de\/HP\/wp-content\/uploads\/Haus-20210315_125654-768x576.jpg 768w, https:\/\/www.weingut-nibelungenhof.de\/HP\/wp-content\/uploads\/Haus-20210315_125654-1536x1152.jpg 1536w, https:\/\/www.weingut-nibelungenhof.de\/HP\/wp-content\/uploads\/Haus-20210315_125654-100x75.jpg 100w, https:\/\/www.weingut-nibelungenhof.de\/HP\/wp-content\/uploads\/Haus-20210315_125654.jpg 1632w\" sizes=\"auto, (max-width: 400px) 100vw, 400px\" \/><\/figure>\n\n\n\n<figure class=\"wp-block-image size-large\"><img loading=\"lazy\" decoding=\"async\" width=\"400\" height=\"300\" data-id=\"180\" src=\"https:\/\/www.weingut-nibelungenhof.de\/HP\/wp-content\/uploads\/IMG_5753-400x300.jpg\" alt=\"\" class=\"wp-image-180\" srcset=\"https:\/\/www.weingut-nibelungenhof.de\/HP\/wp-content\/uploads\/IMG_5753-400x300.jpg 400w, https:\/\/www.weingut-nibelungenhof.de\/HP\/wp-content\/uploads\/IMG_5753-200x150.jpg 200w, https:\/\/www.weingut-nibelungenhof.de\/HP\/wp-content\/uploads\/IMG_5753-768x576.jpg 768w, https:\/\/www.weingut-nibelungenhof.de\/HP\/wp-content\/uploads\/IMG_5753-1536x1152.jpg 1536w, https:\/\/www.weingut-nibelungenhof.de\/HP\/wp-content\/uploads\/IMG_5753-2048x1536.jpg 2048w, https:\/\/www.weingut-nibelungenhof.de\/HP\/wp-content\/uploads\/IMG_5753-100x75.jpg 100w\" sizes=\"auto, (max-width: 400px) 100vw, 400px\" \/><\/figure>\n\n\n\n<figure class=\"wp-block-image size-large\"><img loading=\"lazy\" decoding=\"async\" width=\"400\" height=\"300\" data-id=\"182\" src=\"https:\/\/www.weingut-nibelungenhof.de\/HP\/wp-content\/uploads\/IMG_6032-400x300.jpg\" alt=\"\" class=\"wp-image-182\" srcset=\"https:\/\/www.weingut-nibelungenhof.de\/HP\/wp-content\/uploads\/IMG_6032-400x300.jpg 400w, https:\/\/www.weingut-nibelungenhof.de\/HP\/wp-content\/uploads\/IMG_6032-200x150.jpg 200w, https:\/\/www.weingut-nibelungenhof.de\/HP\/wp-content\/uploads\/IMG_6032-768x576.jpg 768w, https:\/\/www.weingut-nibelungenhof.de\/HP\/wp-content\/uploads\/IMG_6032-1536x1152.jpg 1536w, https:\/\/www.weingut-nibelungenhof.de\/HP\/wp-content\/uploads\/IMG_6032-2048x1536.jpg 2048w, https:\/\/www.weingut-nibelungenhof.de\/HP\/wp-content\/uploads\/IMG_6032-100x75.jpg 100w\" sizes=\"auto, (max-width: 400px) 100vw, 400px\" \/><\/figure>\n\n\n\n<figure class=\"wp-block-image size-large\"><img loading=\"lazy\" decoding=\"async\" width=\"400\" height=\"533\" data-id=\"490\" src=\"https:\/\/www.weingut-nibelungenhof.de\/HP\/wp-content\/uploads\/Laubwand-400x533.jpg\" alt=\"\" class=\"wp-image-490\" srcset=\"https:\/\/www.weingut-nibelungenhof.de\/HP\/wp-content\/uploads\/Laubwand-400x533.jpg 400w, https:\/\/www.weingut-nibelungenhof.de\/HP\/wp-content\/uploads\/Laubwand-100x133.jpg 100w, https:\/\/www.weingut-nibelungenhof.de\/HP\/wp-content\/uploads\/Laubwand.jpg 459w\" sizes=\"auto, (max-width: 400px) 100vw, 400px\" \/><\/figure>\n\n\n\n<figure class=\"wp-block-image size-large\"><img loading=\"lazy\" decoding=\"async\" width=\"400\" height=\"300\" data-id=\"164\" src=\"https:\/\/www.weingut-nibelungenhof.de\/HP\/wp-content\/uploads\/IMG_6321-400x300.jpg\" alt=\"\" class=\"wp-image-164\" srcset=\"https:\/\/www.weingut-nibelungenhof.de\/HP\/wp-content\/uploads\/IMG_6321-400x300.jpg 400w, https:\/\/www.weingut-nibelungenhof.de\/HP\/wp-content\/uploads\/IMG_6321-200x150.jpg 200w, https:\/\/www.weingut-nibelungenhof.de\/HP\/wp-content\/uploads\/IMG_6321-768x576.jpg 768w, https:\/\/www.weingut-nibelungenhof.de\/HP\/wp-content\/uploads\/IMG_6321-1536x1152.jpg 1536w, https:\/\/www.weingut-nibelungenhof.de\/HP\/wp-content\/uploads\/IMG_6321-2048x1536.jpg 2048w, https:\/\/www.weingut-nibelungenhof.de\/HP\/wp-content\/uploads\/IMG_6321-100x75.jpg 100w\" sizes=\"auto, (max-width: 400px) 100vw, 400px\" \/><\/figure>\n\n\n\n<figure class=\"wp-block-image size-large\"><img loading=\"lazy\" decoding=\"async\" width=\"400\" height=\"533\" data-id=\"167\" src=\"https:\/\/www.weingut-nibelungenhof.de\/HP\/wp-content\/uploads\/20190414_160236-400x533.jpg\" alt=\"\" class=\"wp-image-167\" srcset=\"https:\/\/www.weingut-nibelungenhof.de\/HP\/wp-content\/uploads\/20190414_160236-400x533.jpg 400w, https:\/\/www.weingut-nibelungenhof.de\/HP\/wp-content\/uploads\/20190414_160236-200x267.jpg 200w, https:\/\/www.weingut-nibelungenhof.de\/HP\/wp-content\/uploads\/20190414_160236-768x1024.jpg 768w, https:\/\/www.weingut-nibelungenhof.de\/HP\/wp-content\/uploads\/20190414_160236-1152x1536.jpg 1152w, https:\/\/www.weingut-nibelungenhof.de\/HP\/wp-content\/uploads\/20190414_160236-1536x2048.jpg 1536w, https:\/\/www.weingut-nibelungenhof.de\/HP\/wp-content\/uploads\/20190414_160236-100x133.jpg 100w, https:\/\/www.weingut-nibelungenhof.de\/HP\/wp-content\/uploads\/20190414_160236-scaled.jpg 1920w\" sizes=\"auto, (max-width: 400px) 100vw, 400px\" \/><\/figure>\n\n\n\n<figure class=\"wp-block-image size-large\"><img loading=\"lazy\" decoding=\"async\" width=\"400\" height=\"533\" data-id=\"485\" src=\"https:\/\/www.weingut-nibelungenhof.de\/HP\/wp-content\/uploads\/Trauben-Juni-400x533.jpg\" alt=\"\" class=\"wp-image-485\" srcset=\"https:\/\/www.weingut-nibelungenhof.de\/HP\/wp-content\/uploads\/Trauben-Juni-400x533.jpg 400w, https:\/\/www.weingut-nibelungenhof.de\/HP\/wp-content\/uploads\/Trauben-Juni-100x133.jpg 100w, https:\/\/www.weingut-nibelungenhof.de\/HP\/wp-content\/uploads\/Trauben-Juni.jpg 459w\" sizes=\"auto, (max-width: 400px) 100vw, 400px\" \/><\/figure>\n\n\n\n<figure class=\"wp-block-image size-large\"><img loading=\"lazy\" decoding=\"async\" width=\"400\" height=\"300\" data-id=\"171\" src=\"https:\/\/www.weingut-nibelungenhof.de\/HP\/wp-content\/uploads\/image001-scaled-e1666875500289-400x300.jpg\" alt=\"\" class=\"wp-image-171\" srcset=\"https:\/\/www.weingut-nibelungenhof.de\/HP\/wp-content\/uploads\/image001-scaled-e1666875500289-400x300.jpg 400w, https:\/\/www.weingut-nibelungenhof.de\/HP\/wp-content\/uploads\/image001-scaled-e1666875500289-200x150.jpg 200w, https:\/\/www.weingut-nibelungenhof.de\/HP\/wp-content\/uploads\/image001-scaled-e1666875500289-768x576.jpg 768w, https:\/\/www.weingut-nibelungenhof.de\/HP\/wp-content\/uploads\/image001-scaled-e1666875500289-1536x1152.jpg 1536w, https:\/\/www.weingut-nibelungenhof.de\/HP\/wp-content\/uploads\/image001-scaled-e1666875500289-2048x1536.jpg 2048w, https:\/\/www.weingut-nibelungenhof.de\/HP\/wp-content\/uploads\/image001-scaled-e1666875500289-100x75.jpg 100w\" sizes=\"auto, (max-width: 400px) 100vw, 400px\" \/><\/figure>\n\n\n\n<figure class=\"wp-block-image size-large\"><img loading=\"lazy\" decoding=\"async\" width=\"400\" height=\"533\" data-id=\"183\" src=\"https:\/\/www.weingut-nibelungenhof.de\/HP\/wp-content\/uploads\/IMG_6049-400x533.jpg\" alt=\"\" class=\"wp-image-183\" srcset=\"https:\/\/www.weingut-nibelungenhof.de\/HP\/wp-content\/uploads\/IMG_6049-400x533.jpg 400w, https:\/\/www.weingut-nibelungenhof.de\/HP\/wp-content\/uploads\/IMG_6049-200x267.jpg 200w, https:\/\/www.weingut-nibelungenhof.de\/HP\/wp-content\/uploads\/IMG_6049-768x1024.jpg 768w, https:\/\/www.weingut-nibelungenhof.de\/HP\/wp-content\/uploads\/IMG_6049-1152x1536.jpg 1152w, https:\/\/www.weingut-nibelungenhof.de\/HP\/wp-content\/uploads\/IMG_6049-1536x2048.jpg 1536w, https:\/\/www.weingut-nibelungenhof.de\/HP\/wp-content\/uploads\/IMG_6049-100x133.jpg 100w, https:\/\/www.weingut-nibelungenhof.de\/HP\/wp-content\/uploads\/IMG_6049-scaled.jpg 1920w\" sizes=\"auto, (max-width: 400px) 100vw, 400px\" \/><\/figure>\n\n\n\n<figure class=\"wp-block-image size-large\"><img loading=\"lazy\" decoding=\"async\" width=\"400\" height=\"711\" data-id=\"518\" src=\"https:\/\/www.weingut-nibelungenhof.de\/HP\/wp-content\/uploads\/20250803_093812-400x711.jpg\" alt=\"\" class=\"wp-image-518\" srcset=\"https:\/\/www.weingut-nibelungenhof.de\/HP\/wp-content\/uploads\/20250803_093812-400x711.jpg 400w, https:\/\/www.weingut-nibelungenhof.de\/HP\/wp-content\/uploads\/20250803_093812-100x178.jpg 100w, https:\/\/www.weingut-nibelungenhof.de\/HP\/wp-content\/uploads\/20250803_093812-768x1365.jpg 768w, https:\/\/www.weingut-nibelungenhof.de\/HP\/wp-content\/uploads\/20250803_093812-864x1536.jpg 864w, https:\/\/www.weingut-nibelungenhof.de\/HP\/wp-content\/uploads\/20250803_093812-1152x2048.jpg 1152w, https:\/\/www.weingut-nibelungenhof.de\/HP\/wp-content\/uploads\/20250803_093812-scaled.jpg 1440w\" sizes=\"auto, (max-width: 400px) 100vw, 400px\" \/><\/figure>\n\n\n\n<figure class=\"wp-block-image size-large\"><img loading=\"lazy\" decoding=\"async\" width=\"400\" height=\"533\" data-id=\"508\" src=\"https:\/\/www.weingut-nibelungenhof.de\/HP\/wp-content\/uploads\/20250725_124152-400x533.jpg\" alt=\"\" class=\"wp-image-508\" srcset=\"https:\/\/www.weingut-nibelungenhof.de\/HP\/wp-content\/uploads\/20250725_124152-400x533.jpg 400w, https:\/\/www.weingut-nibelungenhof.de\/HP\/wp-content\/uploads\/20250725_124152-100x133.jpg 100w, https:\/\/www.weingut-nibelungenhof.de\/HP\/wp-content\/uploads\/20250725_124152-768x1024.jpg 768w, https:\/\/www.weingut-nibelungenhof.de\/HP\/wp-content\/uploads\/20250725_124152-1152x1536.jpg 1152w, https:\/\/www.weingut-nibelungenhof.de\/HP\/wp-content\/uploads\/20250725_124152-1536x2048.jpg 1536w, https:\/\/www.weingut-nibelungenhof.de\/HP\/wp-content\/uploads\/20250725_124152-scaled.jpg 1920w\" sizes=\"auto, (max-width: 400px) 100vw, 400px\" \/><\/figure>\n\n\n\n<figure class=\"wp-block-image size-large\"><img loading=\"lazy\" decoding=\"async\" width=\"400\" height=\"479\" data-id=\"529\" src=\"https:\/\/www.weingut-nibelungenhof.de\/HP\/wp-content\/uploads\/Trauben-abkippen-400x479.jpg\" alt=\"\" class=\"wp-image-529\" srcset=\"https:\/\/www.weingut-nibelungenhof.de\/HP\/wp-content\/uploads\/Trauben-abkippen-400x479.jpg 400w, https:\/\/www.weingut-nibelungenhof.de\/HP\/wp-content\/uploads\/Trauben-abkippen-100x120.jpg 100w, https:\/\/www.weingut-nibelungenhof.de\/HP\/wp-content\/uploads\/Trauben-abkippen-768x920.jpg 768w, https:\/\/www.weingut-nibelungenhof.de\/HP\/wp-content\/uploads\/Trauben-abkippen.jpg 1080w\" sizes=\"auto, (max-width: 400px) 100vw, 400px\" \/><\/figure>\n<\/figure>\n<\/div>\n<\/div>\n<\/div>\n<\/div>\n","protected":false},"excerpt":{"rendered":"<p>Das Weingut Unser Weingut liegt im S\u00fcden Rheinhessens in Wiesoppenheim einem Ortsteil der geschichtstr\u00e4chtigen Stadt Worms. Unser Weingut liegt inmitten der Weinberge. So haben wir eine besondere N\u00e4he zu \u201eunseren\u201c Trauben. Wir bewirtschaften ca. 10 ha Wingert. Wir versuchen altbew\u00e4hrte Rebsorten und Weine weiterzuf\u00fchren und neue Sorten zu einzigartigen Geschmackserlebnissen auszubauen. Immer getreu dem Leitspruch [&hellip;]<\/p>\n","protected":false},"author":1,"featured_media":0,"parent":0,"menu_order":0,"comment_status":"closed","ping_status":"closed","template":"","meta":{"site-sidebar-layout":"default","site-content-layout":"","ast-site-content-layout":"default","site-content-style":"default","site-sidebar-style":"default","ast-global-header-display":"","ast-banner-title-visibility":"","ast-main-header-display":"","ast-hfb-above-header-display":"","ast-hfb-below-header-display":"","ast-hfb-mobile-header-display":"","site-post-title":"disabled","ast-breadcrumbs-content":"","ast-featured-img":"","footer-sml-layout":"","ast-disable-related-posts":"","theme-transparent-header-meta":"","adv-header-id-meta":"","stick-header-meta":"","header-above-stick-meta":"","header-main-stick-meta":"","header-below-stick-meta":"","astra-migrate-meta-layouts":"set","ast-page-background-enabled":"default","ast-page-background-meta":{"desktop":{"background-color":"var(--ast-global-color-4)","background-image":"","background-repeat":"repeat","background-position":"center center","background-size":"auto","background-attachment":"scroll","background-type":"","background-media":"","overlay-type":"","overlay-color":"","overlay-opacity":"","overlay-gradient":""},"tablet":{"background-color":"","background-image":"","background-repeat":"repeat","background-position":"center center","background-size":"auto","background-attachment":"scroll","background-type":"","background-media":"","overlay-type":"","overlay-color":"","overlay-opacity":"","overlay-gradient":""},"mobile":{"background-color":"","background-image":"","background-repeat":"repeat","background-position":"center center","background-size":"auto","background-attachment":"scroll","background-type":"","background-media":"","overlay-type":"","overlay-color":"","overlay-opacity":"","overlay-gradient":""}},"ast-content-background-meta":{"desktop":{"background-color":"var(--ast-global-color-5)","background-image":"","background-repeat":"repeat","background-position":"center center","background-size":"auto","background-attachment":"scroll","background-type":"","background-media":"","overlay-type":"","overlay-color":"","overlay-opacity":"","overlay-gradient":""},"tablet":{"background-color":"var(--ast-global-color-5)","background-image":"","background-repeat":"repeat","background-position":"center center","background-size":"auto","background-attachment":"scroll","background-type":"","background-media":"","overlay-type":"","overlay-color":"","overlay-opacity":"","overlay-gradient":""},"mobile":{"background-color":"var(--ast-global-color-5)","background-image":"","background-repeat":"repeat","background-position":"center center","background-size":"auto","background-attachment":"scroll","background-type":"","background-media":"","overlay-type":"","overlay-color":"","overlay-opacity":"","overlay-gradient":""}},"footnotes":""},"class_list":["post-21","page","type-page","status-publish","hentry"],"_links":{"self":[{"href":"https:\/\/www.weingut-nibelungenhof.de\/index.php?rest_route=\/wp\/v2\/pages\/21","targetHints":{"allow":["GET"]}}],"collection":[{"href":"https:\/\/www.weingut-nibelungenhof.de\/index.php?rest_route=\/wp\/v2\/pages"}],"about":[{"href":"https:\/\/www.weingut-nibelungenhof.de\/index.php?rest_route=\/wp\/v2\/types\/page"}],"author":[{"embeddable":true,"href":"https:\/\/www.weingut-nibelungenhof.de\/index.php?rest_route=\/wp\/v2\/users\/1"}],"replies":[{"embeddable":true,"href":"https:\/\/www.weingut-nibelungenhof.de\/index.php?rest_route=%2Fwp%2Fv2%2Fcomments&post=21"}],"version-history":[{"count":44,"href":"https:\/\/www.weingut-nibelungenhof.de\/index.php?rest_route=\/wp\/v2\/pages\/21\/revisions"}],"predecessor-version":[{"id":566,"href":"https:\/\/www.weingut-nibelungenhof.de\/index.php?rest_route=\/wp\/v2\/pages\/21\/revisions\/566"}],"wp:attachment":[{"href":"https:\/\/www.weingut-nibelungenhof.de\/index.php?rest_route=%2Fwp%2Fv2%2Fmedia&parent=21"}],"curies":[{"name":"wp","href":"https:\/\/api.w.org\/{rel}","templated":true}]}}